{"id":575,"date":"2020-10-31T10:05:37","date_gmt":"2020-10-31T10:05:37","guid":{"rendered":"https:\/\/localhost\/wordpress\/?page_id=575"},"modified":"2020-11-03T16:43:29","modified_gmt":"2020-11-03T15:43:29","slug":"presse","status":"publish","type":"page","link":"https:\/\/www.susann-fabiero.de\/?page_id=575","title":{"rendered":"Presse"},"content":{"rendered":"<p style=\"\">Susann Fabiero<\/p>\n<p style=\"\">Pressestimmen \/ G\u00e4ste-Feedbacks<\/p>\n<p style=\"\"><strong><em><span style=\"color: rgb(0, 0, 0); font-size: 20px;\">\u201epooldeck24.de\/meinschiff-forum&#8221;<\/span><\/em><\/strong><span style=\"font-size: 18px;\"><strong><em><span style=\"color: rgb(0, 0, 0);\"><\/span><\/em><\/strong><span style=\"color: rgb(0, 0, 0);\">\u201eKapit\u00e4n Andreas Greulich &amp; sein gesamtes Team waren spitze!! Die Kreuzfahrtdirektorin <em>Susann Fabiero<\/em> ist ein \u201eKracher&#8221;!! Man merkte f\u00f6rmlich, das sie ihren Job \u201elebt&#8221;!!&#8221;<\/span><span style=\"color: rgb(0, 0, 0);\">\u201eOb es ihre spontan, witzigen Moderationen waren oder die t\u00e4glichen Ansagen (Ausflugsprogramme, Hafeninfos) \u00fcber den Bordkanal&#8230; &nbsp;<\/span><span style=\"color: rgb(0, 0, 0);\">&#8230;immer ein <span><span>\u201e<\/span><\/span>Ohrenschmaus&#8221; diese Stimme zu h\u00f6ren&#8230;&#8221;<\/span><\/span><\/p>\n<p><span style=\"font-size: 20px;\"><span style=\"color: rgb(0, 0, 0);\"><strong><em>\u201eOffene Worte der G\u00e4ste&#8221;<\/em><\/strong><\/span><\/span><span style=\"font-size: 18px;\"><span style=\"color: rgb(0, 0, 0);\">\u201eEin gro\u00dfes Kompliment an die Stimme des Schiffes, <em>Susann Fabiero<\/em>. Sie ist sehr professionell und die Ansprachen waren druckreif&#8221;.<\/span><span style=\"color: rgb(0, 0, 0);\">\u201eDie Kreuzfahrtdirektorin ist rhetorisch kaum zu \u00fcbertreffen&#8221;.<\/span><span style=\"color: rgb(0, 0, 0);\">\u201eDie Kreuzfahrtdirektorin <em>Susann<\/em> ist das Herz des Schiffes. Ohne sie w\u00e4re der Urlaub nur halb so sch\u00f6n gewesen.&#8221;<\/span><\/span><\/p>\n<p><span style=\"font-size: 18px;\"><span style=\"color: rgb(0, 0, 0);\"><strong><em><\/em><\/strong><\/span><\/span><span style=\"font-size: 20px;\"><span style=\"color: rgb(0, 0, 0);\"><strong><em>\u201eDer Rosenkrieg&#8221;<\/em><\/strong><\/span><\/span><span style=\"font-size: 18px;\"><span style=\"color: rgb(0, 0, 0);\">\u201eMinutenlanger Applaus und laute Bravo \u2013 Rufe:<\/span><span style=\"color: rgb(0, 0, 0);\">Begeistert feiert das Premierenpublikum die Schauspieler der Kom\u00f6die \u201eDer Rosenkrieg\u201c \u2013 allen voran <em>Susann Fabiero<\/em> und Martin Semmelrogge als Barbara und Oliver Rose. Die beiden liefern sich auf der B\u00fchne eine schmutzige Scheidungsschlacht und die Zuschauer schauen mit wachsender Begeisterung den immer gr\u00f6ber werdenden Gemeinheiten zu.\u201c<\/span><\/span><\/p>\n<p style=\"text-align: left;\"><span style=\"font-size: 18px;\"><span style=\"color: rgb(0, 0, 0);\">\u201eMartin Semmelrogge und <em>Susann Fabiero<\/em> beherrschen das Spiel der Eskalation und bringen es gekonnt auf die B\u00fchne. In kurzen pr\u00e4gnanten Szenen liefern sie sich ein Eheduell der Extraklasse.\u201c<\/span><\/span>&nbsp; &nbsp;&nbsp;&nbsp;&nbsp;&nbsp;&nbsp;&nbsp;&nbsp;&nbsp;&nbsp;&nbsp;&nbsp;&nbsp;&nbsp;&nbsp;&nbsp;&nbsp;&nbsp;&nbsp;&nbsp;&nbsp;&nbsp;&nbsp;&nbsp;&nbsp;&nbsp;&nbsp;&nbsp;&nbsp;&nbsp;&nbsp;&nbsp;&nbsp;&nbsp;&nbsp;&nbsp;&nbsp;&nbsp;&nbsp;&nbsp;&nbsp;&nbsp;&nbsp;&nbsp;&nbsp;&nbsp;&nbsp;&nbsp;&nbsp;&nbsp;&nbsp;&nbsp;&nbsp;&nbsp;&nbsp;&nbsp;&nbsp;&nbsp;&nbsp;&nbsp;&nbsp;&nbsp;&nbsp;&nbsp;&nbsp;&nbsp;&nbsp;&nbsp;&nbsp;&nbsp;&nbsp;&nbsp;&nbsp;&nbsp;&nbsp;&nbsp;&nbsp;&nbsp;&nbsp;&nbsp;&nbsp;&nbsp;&nbsp;&nbsp;&nbsp;&nbsp;&nbsp;&nbsp;&nbsp;&nbsp;&nbsp;&nbsp;&nbsp;&nbsp;&nbsp;&nbsp;&nbsp;&nbsp;&nbsp;&nbsp;&nbsp;&nbsp;&nbsp;&nbsp;&nbsp;&nbsp;&nbsp;&nbsp;&nbsp;&nbsp;&nbsp;&nbsp;&nbsp;&nbsp;&nbsp;&nbsp;&nbsp;&nbsp;&nbsp;&nbsp;&nbsp;&nbsp;&nbsp;&nbsp;&nbsp;&nbsp;&nbsp;&nbsp;&nbsp;&nbsp;&nbsp;&nbsp;&nbsp;&nbsp;&nbsp;&nbsp;&nbsp;&nbsp;&nbsp;&nbsp;&nbsp;&nbsp;&nbsp;&nbsp;&nbsp;&nbsp;&nbsp;&nbsp;&nbsp;&nbsp;&nbsp;&nbsp;&nbsp;&nbsp;&nbsp;&nbsp;&nbsp;&nbsp;&nbsp;&nbsp;&nbsp;&nbsp;&nbsp;&nbsp;&nbsp;&nbsp;&nbsp;&nbsp;&nbsp;&nbsp;&nbsp;&nbsp;&nbsp;&nbsp;&nbsp;&nbsp;&nbsp;&nbsp;&nbsp;&nbsp;&nbsp;&nbsp;&nbsp;&nbsp;&nbsp;&nbsp;&nbsp;&nbsp;&nbsp;&nbsp;&nbsp;&nbsp;&nbsp;&nbsp;&nbsp;&nbsp;&nbsp;&nbsp;&nbsp;&nbsp;&nbsp;&nbsp;&nbsp;&nbsp;&nbsp;&nbsp;<span style=\"font-size: 18px;\"><span style=\"color: rgb(0, 0, 0);\"><em>(Rhein-Zeitung)<\/em><\/span><\/span><\/p>\n<p><span style=\"font-size: 18px;\"><span style=\"color: rgb(0, 0, 0);\">\u201eMegakrise ist also angesagt, wenn die spielerisch fabelhaft pr\u00e4sente <em>Susann Fabiero<\/em> als Barbara Rose per Catering-Service den Aufstand gegen die eheliche Langeweile probt und die Scheidung verlangt\u201c.<\/span><\/span><span style=\"font-size: 18px;\"><span style=\"color: rgb(0, 0, 0);\"><em>&nbsp; &nbsp; &nbsp; &nbsp; &nbsp; &nbsp; &nbsp; &nbsp; &nbsp; &nbsp; &nbsp; &nbsp; &nbsp; &nbsp; &nbsp; &nbsp; &nbsp; &nbsp; &nbsp; &nbsp; &nbsp; &nbsp; &nbsp; &nbsp; &nbsp; &nbsp; &nbsp; &nbsp; &nbsp; &nbsp; &nbsp; &nbsp; &nbsp; &nbsp; &nbsp; &nbsp; &nbsp; &nbsp; &nbsp; &nbsp; &nbsp; &nbsp; &nbsp; &nbsp; &nbsp; &nbsp; &nbsp; &nbsp; &nbsp; &nbsp; &nbsp; &nbsp; &nbsp; &nbsp; &nbsp; &nbsp; &nbsp; &nbsp; &nbsp; &nbsp; &nbsp; &nbsp; &nbsp; &nbsp; &nbsp; &nbsp; &nbsp; &nbsp; &nbsp; &nbsp; &nbsp; &nbsp; &nbsp; &nbsp; &nbsp; &nbsp; &nbsp; &nbsp;(Bonner Generalanzeiger \/ Kulturmagazin Bonn)<\/em><\/span><\/span><\/p>\n<p><span style=\"font-size: 18px;\"><span style=\"color: rgb(0, 0, 0);\">\u201eLieber in der H\u00f6lle schmoren&#8230;<\/span><span style=\"color: rgb(0, 0, 0);\">Dabei ist Barbara die treibende Kraft. Gro\u00df und energisch, mit einem strengen Zopf wie der einer Amazone ist <em>Susann Fabiero<\/em> als hassende Ehefrau ein erschreckender Gegner f\u00fcr den qu\u00e4kenden, schelmenhaften Oliver.\u201c<\/span><\/span><span style=\"font-size: 18px;\"><span style=\"color: rgb(0, 0, 0);\"><em>&nbsp; &nbsp; &nbsp; &nbsp; &nbsp; &nbsp; &nbsp; &nbsp; &nbsp; &nbsp; &nbsp; &nbsp; &nbsp; &nbsp; &nbsp; &nbsp; &nbsp; &nbsp; &nbsp; &nbsp; &nbsp; &nbsp; &nbsp; &nbsp; &nbsp; &nbsp; &nbsp; &nbsp; &nbsp; &nbsp; &nbsp; &nbsp; &nbsp; &nbsp; &nbsp; &nbsp; &nbsp; &nbsp; &nbsp; &nbsp; &nbsp; &nbsp; &nbsp; &nbsp; &nbsp; &nbsp; &nbsp; &nbsp; &nbsp; &nbsp; &nbsp; &nbsp; &nbsp; &nbsp; &nbsp; &nbsp; &nbsp; &nbsp; &nbsp; &nbsp; &nbsp; &nbsp; &nbsp; &nbsp; &nbsp; &nbsp; &nbsp; &nbsp; &nbsp; &nbsp; &nbsp; &nbsp; &nbsp; &nbsp; &nbsp; &nbsp; &nbsp; &nbsp; &nbsp; &nbsp; &nbsp; &nbsp; &nbsp; &nbsp; &nbsp; &nbsp; &nbsp; &nbsp; &nbsp; &nbsp; &nbsp; &nbsp; &nbsp; &nbsp; &nbsp; &nbsp; &nbsp; &nbsp; &nbsp; &nbsp; &nbsp; &nbsp; &nbsp; &nbsp; &nbsp; &nbsp; &nbsp;(Der Westen)<\/em><\/span><\/span><\/p>\n<p><span style=\"font-size: 20px;\"><span style=\"color: rgb(0, 0, 0);\"><strong><em>\u201eDas Geld anderer Leute&#8221;<\/em><\/strong><\/span><\/span><span style=\"font-size: 18px;\"><span style=\"color: rgb(0, 0, 0);\">\u201eIhre B\u00fchnentochter Kate Sullivan indessen ist aus anderem Holz geschnitzt:<\/span><span style=\"color: rgb(0, 0, 0);\">Dominante Karrierefrau mit Stiletto-Charme und als durchtriebene Anw\u00e4ltin genau die Richtige, um im Kampf gegen den Liquidator bei intellektueller Waffengleichheit anzutreten: In der attraktiven <em>Susann Fabiero<\/em> (\u201erattenscharf&#8221;!, seuftze der Herr in der Reihe vor mir) hat diese Zentralfigur eine geradezu perfekte Besetzung gefunden.\u201c<\/span><\/span><span style=\"font-size: 18px;\"><span style=\"color: rgb(0, 0, 0);\"><em>&nbsp; &nbsp; &nbsp; &nbsp; &nbsp; &nbsp; &nbsp; &nbsp; &nbsp; &nbsp; &nbsp; &nbsp; &nbsp; &nbsp; &nbsp; &nbsp; &nbsp; &nbsp; &nbsp; &nbsp; &nbsp; &nbsp; &nbsp; &nbsp; &nbsp; &nbsp; &nbsp; &nbsp; &nbsp; &nbsp; &nbsp; &nbsp; &nbsp; &nbsp; &nbsp; &nbsp; &nbsp; &nbsp; &nbsp; &nbsp; &nbsp; &nbsp; &nbsp; &nbsp; &nbsp; &nbsp; &nbsp; &nbsp; &nbsp; &nbsp; &nbsp; &nbsp; &nbsp; &nbsp; &nbsp; &nbsp; &nbsp; &nbsp; &nbsp; &nbsp; &nbsp; &nbsp; &nbsp; &nbsp; &nbsp; &nbsp; &nbsp; &nbsp; &nbsp; &nbsp; &nbsp; &nbsp; &nbsp; &nbsp; &nbsp; &nbsp; &nbsp; &nbsp; &nbsp; &nbsp; &nbsp; &nbsp; &nbsp; &nbsp; &nbsp; &nbsp; &nbsp; &nbsp; &nbsp; &nbsp; &nbsp; &nbsp; &nbsp; &nbsp; &nbsp; &nbsp; &nbsp; (Schaumburger Zeitung)<\/em><\/span><\/span><\/p>\n<p><span style=\"font-size: 18px;\"><span style=\"color: rgb(0, 0, 0);\">\u201eAuf St\u00f6ckelschuhen, in knappen Kost\u00fcmchen und mit der Aktentasche in der Hand verk\u00f6rpert <em>Susann Fabiero<\/em> ihre Kate Sullivan selbstbewu\u00dft, durchtrieben und mit viel Sex &#8211; Appeal, den sie im Kampf gegen Garfinger ( Semmelrogge ) gekonnt als Mittel einzusetzen wei\u00df. Es macht Spa\u00df, den verbalen Duellen der beiden Schauspieler zuzusehen.\u201c<\/span><\/span><span style=\"font-size: 18px;\"><span style=\"color: rgb(0, 0, 0);\"><em>&nbsp; &nbsp; &nbsp; &nbsp; &nbsp; &nbsp; &nbsp; &nbsp; &nbsp; &nbsp; &nbsp; &nbsp; &nbsp; &nbsp; &nbsp; &nbsp; &nbsp; &nbsp; &nbsp; &nbsp; &nbsp; &nbsp; &nbsp; &nbsp; &nbsp; &nbsp; &nbsp; &nbsp; &nbsp; &nbsp; &nbsp; &nbsp; &nbsp; &nbsp; &nbsp; &nbsp; &nbsp; &nbsp; &nbsp; &nbsp; &nbsp; &nbsp; &nbsp; &nbsp; &nbsp; &nbsp; &nbsp; &nbsp; &nbsp; &nbsp; &nbsp; &nbsp; &nbsp; &nbsp; &nbsp; &nbsp; &nbsp; &nbsp; &nbsp; &nbsp; &nbsp; &nbsp; &nbsp; &nbsp; &nbsp; &nbsp; &nbsp; &nbsp; &nbsp; &nbsp; &nbsp; &nbsp; &nbsp; &nbsp; &nbsp; &nbsp; &nbsp; &nbsp; &nbsp; &nbsp; &nbsp; &nbsp; &nbsp; &nbsp; &nbsp; &nbsp; &nbsp; &nbsp; &nbsp; &nbsp; &nbsp; &nbsp; &nbsp; &nbsp; &nbsp; &nbsp; &nbsp; &nbsp; &nbsp; &nbsp; &nbsp;(Bonner Rundschau)<\/em><\/span><\/span><\/p>\n<p><span style=\"font-size: 18px;\"><span style=\"color: rgb(0, 0, 0);\">\u201eZwischen Kate und Lawrence entbrennt alsbald ein urkomisches Katz und Mausspiel, welches in aberwitzigen Dialogen gipfelt. Semmelrogge und <em>Fabiero<\/em> spielen ihre Charaktere aber so charmant und liebevoll, dass selbst Witze unterhalb der G\u00fcrtellinie zwar keck, aber nie obsz\u00f6n wirken.\u201c<\/span><\/span><span style=\"font-size: 18px;\"><span style=\"color: rgb(0, 0, 0);\"><em>&nbsp; &nbsp; &nbsp; &nbsp; &nbsp; &nbsp; &nbsp; &nbsp; &nbsp; &nbsp; &nbsp; &nbsp; &nbsp; &nbsp; &nbsp; &nbsp; &nbsp; &nbsp; &nbsp; &nbsp; &nbsp; &nbsp; &nbsp; &nbsp; &nbsp; &nbsp; &nbsp; &nbsp; &nbsp; &nbsp; &nbsp; &nbsp; &nbsp; &nbsp; &nbsp; &nbsp; &nbsp; &nbsp; &nbsp; &nbsp; &nbsp; &nbsp; &nbsp; &nbsp; &nbsp; &nbsp; &nbsp; &nbsp; &nbsp; &nbsp; &nbsp; &nbsp; &nbsp; &nbsp; &nbsp; &nbsp; &nbsp; &nbsp; &nbsp; &nbsp; &nbsp; &nbsp; &nbsp; &nbsp; &nbsp; &nbsp; &nbsp; &nbsp; &nbsp; &nbsp; &nbsp; &nbsp; &nbsp; &nbsp; &nbsp; &nbsp; &nbsp; &nbsp; &nbsp; &nbsp; &nbsp; &nbsp; &nbsp; &nbsp; &nbsp; &nbsp; &nbsp; &nbsp; &nbsp; &nbsp; &nbsp; &nbsp; &nbsp; &nbsp; &nbsp; &nbsp; &nbsp; &nbsp; &nbsp;(Buxtehuder Tageblatt)<\/em><\/span><\/span><\/p>\n<p><span style=\"font-size: 18px;\"><span style=\"color: rgb(0, 0, 0);\">\u201eMartin Semmelrogge gibt als schr\u00e4ger B\u00f6rsenhai dem Affen Zucker. <em>Susann Fabiero<\/em> gelingt das Kunstst\u00fcck, sich nicht von seiner B\u00fchnenpr\u00e4senz in den Schatten stellen zu lassen. Sie \u00fcberzeugt durch ihre beeindruckende K\u00f6rpersprache und gewinnende, tempogeladene Spielfreude.\u201c<\/span><\/span><span style=\"font-size: 18px;\"><em><span style=\"color: rgb(0, 0, 0);\">&nbsp; &nbsp; &nbsp; &nbsp; &nbsp; &nbsp; &nbsp; &nbsp; &nbsp; &nbsp; &nbsp; &nbsp; &nbsp; &nbsp; &nbsp; &nbsp; &nbsp; &nbsp; &nbsp; &nbsp; &nbsp; &nbsp; &nbsp; &nbsp; &nbsp; &nbsp; &nbsp; &nbsp; &nbsp; &nbsp; &nbsp; &nbsp; &nbsp; &nbsp; &nbsp; &nbsp; &nbsp; &nbsp; &nbsp; &nbsp; &nbsp; &nbsp; &nbsp; &nbsp; &nbsp; &nbsp; &nbsp; &nbsp; &nbsp; &nbsp; &nbsp; &nbsp; &nbsp; &nbsp; &nbsp; &nbsp; &nbsp; &nbsp; &nbsp; &nbsp; &nbsp; &nbsp; &nbsp; &nbsp; &nbsp; &nbsp; &nbsp; &nbsp; &nbsp; &nbsp; &nbsp; &nbsp; &nbsp; &nbsp; &nbsp; &nbsp; &nbsp; &nbsp; &nbsp; &nbsp; &nbsp; &nbsp; &nbsp; &nbsp; &nbsp; &nbsp; &nbsp; &nbsp; &nbsp; &nbsp; &nbsp; &nbsp; &nbsp; &nbsp; &nbsp; &nbsp; &nbsp; &nbsp; &nbsp;(Osnabr\u00fccker Zeitung)<\/span><\/em><\/span><\/p>\n<p><strong><em><span style=\"color: rgb(0, 0, 0); font-size: 20px;\">\u201eEin Mann an der Angel&#8221;<\/span><\/em><\/strong><span style=\"color: rgb(0, 0, 0);\"><span style=\"font-size: 18px;\">\u201e\u2026das St\u00fcck lebt von der gro\u00dfartigen Chemie zwischen den beiden Hauptdarstellern <em>Susann Fabiero<\/em>und Jens Hajek als Sara und Brandon. Sie ist eine echte Dame, die selbst in den verwegensten engen Fummeln noch elegant und verf\u00fchrerisch aussieht\u2026.Beide \u00fcberspielen die Farce nicht und haben ein gutes Gef\u00fchl f\u00fcr das Timing der Pointen.\u201c<\/span><\/span><span style=\"color: rgb(0, 0, 0);\"><span style=\"font-size: 18px;\"><em>&nbsp; &nbsp; &nbsp; &nbsp; &nbsp; &nbsp; &nbsp; &nbsp; &nbsp; &nbsp; &nbsp; &nbsp; &nbsp; &nbsp; &nbsp; &nbsp; &nbsp; &nbsp; &nbsp; &nbsp; &nbsp; &nbsp; &nbsp; &nbsp; &nbsp; &nbsp; &nbsp; &nbsp; &nbsp; &nbsp; &nbsp; &nbsp; &nbsp; &nbsp; &nbsp; &nbsp; &nbsp; &nbsp; &nbsp; &nbsp; &nbsp; &nbsp; &nbsp; &nbsp; &nbsp; &nbsp; &nbsp; &nbsp; &nbsp; &nbsp; &nbsp; &nbsp; &nbsp; &nbsp; &nbsp; &nbsp; &nbsp; &nbsp; &nbsp; &nbsp; &nbsp; &nbsp; &nbsp; &nbsp; &nbsp; &nbsp; &nbsp; &nbsp; &nbsp; &nbsp; &nbsp; &nbsp; &nbsp; &nbsp; &nbsp; &nbsp; &nbsp; &nbsp; &nbsp; &nbsp; &nbsp; &nbsp; &nbsp; &nbsp; &nbsp; &nbsp; &nbsp; &nbsp; &nbsp; &nbsp; &nbsp; &nbsp; &nbsp; &nbsp; &nbsp; &nbsp; &nbsp; &nbsp; &nbsp;(M\u00fcnstersche Zeitung)<\/em><\/span><\/span><\/p>\n<p><span style=\"color: rgb(0, 0, 0);\"><span style=\"font-size: 20px;\"><strong><em>\u201eTour de Farce&#8221;<\/em><\/strong><\/span><span style=\"font-size: 18px;\">Zwei Schauspieler gen\u00fcgen\u201e\u2026K\u00f6nnen zwei Menschen alleine das fabrizieren? Sie K\u00f6nnen, denn Regisseur Peter N\u00fcesch setzt ganz auf die Kraft seiner Darsteller. Nicht nur die Kost\u00fcme geben immer wieder neue Charaktere vor, <em>Susann Fabiero<\/em> und Martin Zuhr spielen auch gekonnt mit Stimme und Gehabe, jede Rolle f\u00fcr sich hat ihren ganz eigenen Charme\u2026\u201c<\/span><\/span><span style=\"font-size: 18px;\"><em><span style=\"color: rgb(0, 0, 0);\">&nbsp; &nbsp; &nbsp; &nbsp; &nbsp; &nbsp; &nbsp; &nbsp; &nbsp; &nbsp; &nbsp; &nbsp; &nbsp; &nbsp; &nbsp; &nbsp; &nbsp; &nbsp; &nbsp; &nbsp; &nbsp; &nbsp; &nbsp; &nbsp; &nbsp; &nbsp; &nbsp; &nbsp; &nbsp; &nbsp; &nbsp; &nbsp; &nbsp; &nbsp; &nbsp; &nbsp; &nbsp; &nbsp; &nbsp; &nbsp; &nbsp; &nbsp; &nbsp; &nbsp; &nbsp; &nbsp; &nbsp; &nbsp; &nbsp; &nbsp; &nbsp; &nbsp; &nbsp; &nbsp; &nbsp; &nbsp; &nbsp; &nbsp; &nbsp; &nbsp; &nbsp; &nbsp; &nbsp; &nbsp; &nbsp; &nbsp; &nbsp; &nbsp; &nbsp; &nbsp; &nbsp; &nbsp; &nbsp; &nbsp; &nbsp; &nbsp; &nbsp; &nbsp; &nbsp; &nbsp; &nbsp; &nbsp; &nbsp; &nbsp; &nbsp; &nbsp; &nbsp; &nbsp; &nbsp; &nbsp; &nbsp; &nbsp; &nbsp; &nbsp; &nbsp; &nbsp; &nbsp; &nbsp; &nbsp; &nbsp; &nbsp; &nbsp; &nbsp; &nbsp; &nbsp; (Rheinzeitung)<\/span><\/em><\/span><\/p>\n<p><span style=\"font-size: 18px; color: rgb(0, 0, 0);\">Rekordverd\u00e4chtiger Rollenwechsel f\u00fcr <em>Susann Fabiero<\/em> und Martin Zuhr\u201e\u2026Auf der B\u00fchne versammeln sich im Laufe des Abends insgesamt zehn Figuren, obwohl\u2019s nur zwei sind, die gnadenlos begnadet alles spielen.\u2026die zwei Darsteller in jeweils f\u00fcnf irrsinnig verzwickten Rollen sind ein Theaterwunder vom Feinsten. Absolut sehenswert!\u201c<\/span><span style=\"font-size: 18px;\"><em><span style=\"color: rgb(0, 0, 0);\">&nbsp; &nbsp; &nbsp; &nbsp; &nbsp; &nbsp; &nbsp; &nbsp; &nbsp; &nbsp; &nbsp; &nbsp; &nbsp; &nbsp; &nbsp; &nbsp; &nbsp; &nbsp; &nbsp; &nbsp; &nbsp; &nbsp; &nbsp; &nbsp; &nbsp; &nbsp; &nbsp; &nbsp; &nbsp; &nbsp; &nbsp; &nbsp; &nbsp; &nbsp; &nbsp; &nbsp; &nbsp; &nbsp; &nbsp; &nbsp; &nbsp; &nbsp; &nbsp; &nbsp; &nbsp; &nbsp; &nbsp; &nbsp; &nbsp; &nbsp; &nbsp; &nbsp; &nbsp; &nbsp; &nbsp; &nbsp; &nbsp; &nbsp; &nbsp; &nbsp; &nbsp; &nbsp; &nbsp; &nbsp; &nbsp; &nbsp; &nbsp; &nbsp; &nbsp; &nbsp; &nbsp; &nbsp; &nbsp; &nbsp; &nbsp; &nbsp; &nbsp; &nbsp; &nbsp; &nbsp; &nbsp; &nbsp; &nbsp; &nbsp; &nbsp; &nbsp; &nbsp; &nbsp; &nbsp; &nbsp; &nbsp; &nbsp; &nbsp; &nbsp; &nbsp; &nbsp; &nbsp;(General\u2013Anzeiger Bonn)<\/span><\/em><\/span><\/p>\n<p><span style=\"font-size: 20px;\"><strong><em><span style=\"color: rgb(0, 0, 0);\">\u201eGretchen 89ff&#8221;<\/span><\/em><\/strong><\/span><span style=\"font-size: 18px;\"><span style=\"color: rgb(0, 0, 0);\">\u201e&#8230;Mit gro\u00dfer Spielfreude und gnadenloser Lust an der Entlarvung, zeigen <em>Susann Fabiero<\/em> und J\u00f6rg Zuch dem Publikum Proben \u2013 Situationen, l\u00fcften das Geheimnis dessen, was sich in den Kulissen abspielt, wenn der Zuschauer \u2013 normalerweise \u2013 nicht dabei ist. Mit einem Augenzwinkern werden Archetypen von Schauspielern und Regisseuren vorgef\u00fchrt, wird Theaterkunst auf zauberhafte Art entzaubert&#8230;\u201c<\/span><\/span><span style=\"color: rgb(0, 0, 0);\"><span style=\"font-size: 18px;\"><em><\/em><\/span><\/span><span style=\"color: rgb(0, 0, 0);\"><span style=\"font-size: 18px;\"><em>&nbsp; &nbsp; &nbsp; &nbsp; &nbsp; &nbsp; &nbsp; &nbsp; &nbsp; &nbsp; &nbsp; &nbsp; &nbsp; &nbsp; &nbsp; &nbsp; &nbsp; &nbsp; &nbsp; &nbsp; &nbsp; &nbsp; &nbsp; &nbsp; &nbsp; &nbsp; &nbsp; &nbsp; &nbsp; &nbsp; &nbsp; &nbsp; &nbsp; &nbsp; &nbsp; &nbsp; &nbsp; &nbsp; &nbsp; &nbsp; &nbsp; &nbsp; &nbsp; &nbsp; &nbsp; &nbsp; &nbsp; &nbsp; &nbsp; &nbsp; &nbsp; &nbsp; &nbsp; &nbsp; &nbsp; &nbsp; &nbsp; &nbsp; &nbsp; &nbsp; &nbsp; &nbsp; &nbsp; &nbsp; &nbsp; &nbsp; &nbsp; &nbsp; &nbsp; &nbsp; &nbsp; &nbsp; &nbsp; &nbsp; &nbsp; &nbsp; &nbsp; &nbsp; &nbsp; &nbsp; &nbsp; &nbsp; &nbsp; &nbsp; &nbsp; &nbsp; &nbsp; &nbsp; &nbsp; &nbsp; &nbsp; &nbsp; &nbsp; &nbsp; &nbsp; &nbsp; &nbsp; (Mitteldeutsche Zeitung)<\/em><\/span><\/span><\/p>\n<p><span style=\"color: rgb(0, 0, 0);\"><span style=\"font-size: 18px;\">\u201e&#8230;Noch phantastischer waren die schauspielerischen Leistungen und die hervorragende Wandlungsf\u00e4higkeit von <em>Susann Fabiero<\/em> und J\u00f6rg Zuch.Mit einer Minimalausstattung von Requisiten und Kost\u00fcmen gelang ihnen die perfekte Darstellung der typischen St\u00e4rken und Schw\u00e4chen \u2013 eben das allzu Menschliche&#8230;\u201c<\/span><\/span><span style=\"color: rgb(0, 0, 0);\"><span style=\"font-size: 18px;\"><em><\/em><\/span><\/span><span style=\"color: rgb(0, 0, 0);\"><span style=\"font-size: 18px;\"><em>&nbsp; &nbsp; &nbsp; &nbsp; &nbsp; &nbsp; &nbsp; &nbsp; &nbsp; &nbsp; &nbsp; &nbsp; &nbsp; &nbsp; &nbsp; &nbsp; &nbsp; &nbsp; &nbsp; &nbsp; &nbsp; &nbsp; &nbsp; &nbsp; &nbsp; &nbsp; &nbsp; &nbsp; &nbsp; &nbsp; &nbsp; &nbsp; &nbsp; &nbsp; &nbsp; &nbsp; &nbsp; &nbsp; &nbsp; &nbsp; &nbsp; &nbsp; &nbsp; &nbsp; &nbsp; &nbsp; &nbsp; &nbsp; &nbsp; &nbsp; &nbsp; &nbsp; &nbsp; &nbsp; &nbsp; &nbsp; &nbsp; &nbsp; &nbsp; &nbsp; &nbsp; &nbsp; &nbsp; &nbsp; &nbsp; &nbsp; &nbsp; &nbsp; &nbsp; &nbsp; &nbsp; &nbsp; &nbsp; &nbsp; &nbsp; &nbsp; &nbsp; &nbsp; &nbsp; &nbsp; &nbsp; &nbsp; &nbsp; &nbsp; &nbsp; &nbsp; &nbsp; &nbsp; &nbsp; &nbsp; &nbsp; &nbsp; &nbsp; &nbsp; &nbsp; &nbsp; &nbsp; &nbsp;(Leipziger Volkszeitung)<\/em><\/span><\/span><\/p>\n<p><span style=\"color: rgb(0, 0, 0);\"><span style=\"font-size: 18px;\">\u201e&#8230;<em>Susann Fabiero<\/em> und J\u00f6rg Zuch sind ein eingeschworenes Paar, das nichts vom Wege abbringt. Gro\u00dfartig im Aufbau ihrer Gegenpositionen. Umwerfend schlagfertig und wandlungsf\u00e4hig. Ihr Handwerk haben sie gelernt und zur Meisterschaft gebracht&#8230;Sie sind nicht nur ernsthafte Schauspieler, sondern auch vorz\u00fcgliche Kabarettisten und Kom\u00f6dianten&#8230;\u201c<\/span><\/span><span style=\"color: rgb(0, 0, 0);\"><span style=\"font-size: 18px;\"><em><\/em><\/span><\/span><span style=\"color: rgb(0, 0, 0);\"><span style=\"font-size: 18px;\"><em>&nbsp; &nbsp; &nbsp; &nbsp; &nbsp; &nbsp; &nbsp; &nbsp; &nbsp; &nbsp; &nbsp; &nbsp; &nbsp; &nbsp; &nbsp; &nbsp; &nbsp; &nbsp; &nbsp; &nbsp; &nbsp; &nbsp; &nbsp; &nbsp; &nbsp; &nbsp; &nbsp; &nbsp; &nbsp; &nbsp; &nbsp; &nbsp; &nbsp; &nbsp; &nbsp; &nbsp; &nbsp; &nbsp; &nbsp; &nbsp; &nbsp; &nbsp; &nbsp; &nbsp; &nbsp; &nbsp; &nbsp; &nbsp; &nbsp; &nbsp; &nbsp; &nbsp; &nbsp; &nbsp; &nbsp; &nbsp; &nbsp; &nbsp; &nbsp; &nbsp; &nbsp; &nbsp; &nbsp; &nbsp; &nbsp; &nbsp; &nbsp; &nbsp; &nbsp; &nbsp; &nbsp; &nbsp; &nbsp; &nbsp; &nbsp; &nbsp; &nbsp; &nbsp; &nbsp; &nbsp; &nbsp; &nbsp; &nbsp; &nbsp; &nbsp; &nbsp; &nbsp; &nbsp; &nbsp;(Rhein-Neckar-Zeitung Heidelberg)<\/em><\/span><\/span><\/p>\n","protected":false},"excerpt":{"rendered":"<p>Susann Fabiero Pressestimmen \/ G\u00e4ste-Feedbacks \u201epooldeck24.de\/meinschiff-forum&#8221;\u201eKapit\u00e4n Andreas Greulich &amp; sein gesamtes Team waren spitze!! Die Kreuzfahrtdirektorin Susann Fabiero ist ein \u201eKracher&#8221;!! Man merkte f\u00f6rmlich, das sie ihren Job \u201elebt&#8221;!!&#8221;\u201eOb es ihre spontan, witzigen Moderationen waren oder die t\u00e4glichen Ansagen (Ausflugsprogramme, Hafeninfos) \u00fcber den Bordkanal&#8230; &nbsp;&#8230;immer ein \u201eOhrenschmaus&#8221; diese Stimme zu h\u00f6ren&#8230;&#8221; \u201eOffene Worte der G\u00e4ste&#8221;\u201eEin [&hellip;]<\/p>\n","protected":false},"author":1,"featured_media":0,"parent":0,"menu_order":0,"comment_status":"closed","ping_status":"closed","template":"","meta":[],"_links":{"self":[{"href":"https:\/\/www.susann-fabiero.de\/index.php?rest_route=\/wp\/v2\/pages\/575"}],"collection":[{"href":"https:\/\/www.susann-fabiero.de\/index.php?rest_route=\/wp\/v2\/pages"}],"about":[{"href":"https:\/\/www.susann-fabiero.de\/index.php?rest_route=\/wp\/v2\/types\/page"}],"author":[{"embeddable":true,"href":"https:\/\/www.susann-fabiero.de\/index.php?rest_route=\/wp\/v2\/users\/1"}],"replies":[{"embeddable":true,"href":"https:\/\/www.susann-fabiero.de\/index.php?rest_route=%2Fwp%2Fv2%2Fcomments&post=575"}],"version-history":[{"count":10,"href":"https:\/\/www.susann-fabiero.de\/index.php?rest_route=\/wp\/v2\/pages\/575\/revisions"}],"predecessor-version":[{"id":696,"href":"https:\/\/www.susann-fabiero.de\/index.php?rest_route=\/wp\/v2\/pages\/575\/revisions\/696"}],"wp:attachment":[{"href":"https:\/\/www.susann-fabiero.de\/index.php?rest_route=%2Fwp%2Fv2%2Fmedia&parent=575"}],"curies":[{"name":"wp","href":"https:\/\/api.w.org\/{rel}","templated":true}]}}